{"id":31,"date":"2020-01-23T12:39:18","date_gmt":"2020-01-23T11:39:18","guid":{"rendered":"https:\/\/mobilise.wpmudev.host\/?page_id=31"},"modified":"2020-06-14T08:35:46","modified_gmt":"2020-06-14T07:35:46","slug":"historie","status":"publish","type":"page","link":"https:\/\/mobilise.no\/da\/historie\/","title":{"rendered":"Historie"},"content":{"rendered":"<div data-elementor-type=\"wp-page\" data-elementor-id=\"31\" class=\"elementor elementor-31\" data-elementor-post-type=\"page\">\n\t\t\t\t\t\t<section class=\"elementor-section elementor-top-section elementor-element elementor-element-2afeb9aa elementor-section-boxed elementor-section-height-default elementor-section-height-default\" data-id=\"2afeb9aa\" data-element_type=\"section\" data-e-type=\"section\" id=\"toppp\" data-settings=\"{&quot;background_background&quot;:&quot;classic&quot;}\">\n\t\t\t\t\t\t\t<div class=\"elementor-background-overlay\"><\/div>\n\t\t\t\t\t\t\t<div class=\"elementor-container elementor-column-gap-default\">\n\t\t\t\t\t<div class=\"elementor-column elementor-col-100 elementor-top-column elementor-element elementor-element-69f1217e\" data-id=\"69f1217e\" data-element_type=\"column\" data-e-type=\"column\">\n\t\t\t<div class=\"elementor-widget-wrap elementor-element-populated\">\n\t\t\t\t\t\t\t<\/div>\n\t\t<\/div>\n\t\t\t\t\t<\/div>\n\t\t<\/section>\n\t\t\t\t<section class=\"elementor-section elementor-top-section elementor-element elementor-element-badd70a elementor-section-boxed elementor-section-height-default elementor-section-height-default\" data-id=\"badd70a\" data-element_type=\"section\" data-e-type=\"section\">\n\t\t\t\t\t\t<div class=\"elementor-container elementor-column-gap-default\">\n\t\t\t\t\t<div class=\"elementor-column elementor-col-100 elementor-top-column elementor-element elementor-element-3195e9b\" data-id=\"3195e9b\" data-element_type=\"column\" data-e-type=\"column\">\n\t\t\t<div class=\"elementor-widget-wrap elementor-element-populated\">\n\t\t\t\t\t\t<div class=\"elementor-element elementor-element-2655ee4 elementor-widget elementor-widget-wpb-ea-timeline\" data-id=\"2655ee4\" data-element_type=\"widget\" data-e-type=\"widget\" data-widget_type=\"wpb-ea-timeline.default\">\n\t\t\t\t<div class=\"elementor-widget-container\">\n\t\t\t\t\t\t\t\t<div class=\"wpb-timeline-area wpb-timeline-left-right wpb-timeline-shadow-yes\">\n\n\t\t\t\t\n\t\t\t\t\t<div class=\"wpb-timeline-block\">\n\t\t\t\t\t\t\t\t\t\t\t\t\t\t\t\t\t\t\t<div class=\"wpb-timeline-icon\">\n\t\t\t\t\t\t\t\t<i aria-hidden=\"true\" class=\"fas fa-file\"><\/i>\t\t\t\t\t\t\t<\/div>\n\t\t\t\t\t\t\t\t\t\t\t\t<div class=\"wpb-timeline-content\">\n\t\t\t\t\t\t\t\n\t\t\t\t\t\t\t<h3>2011 - Et forspring!<\/h3>\n\t\t\t\t\t\t\t<p>Vi leverer en skr\u00e6ddersyet platform til SKI VM 2011 til rekruttering og organisering af 2.500 frivillige og arrangementet var en stor succes.<br \/>\nDen nye platform revolutionerede m\u00e5den at rekruttere og organisere frivillige p\u00e5 - man bev\u00e6gede sig v\u00e6k fra e-mail og Excel og over til online databasesystemet.<br \/>\nDer er stor interesse for den &quot;nye platform&quot; p\u00e5 markedet. Snowboard VM, \u00d8yafestivalen, Oslo Marathon, Skiforeningen, Nobels Fredspris indg\u00e5r langsigtede aftaler.<\/p>\n\n\t\t\t\t\t\t\t\n\t\t\t\t\t\t\t<div class=\"wpb-timeline-image\"><img decoding=\"async\" src=\"https:\/\/mobilise.no\/wp-content\/uploads\/holmenkollen-01-768x614.jpg\" alt=\"2011 - En pangstart!\" \/><\/div>\t\t\t\t\t\t<\/div>\n\t\t\t\t\t\t\t\t\t\t\t<\/div>\n\n\t\t\t\t\n\t\t\t\t\t<div class=\"wpb-timeline-block\">\n\t\t\t\t\t\t\t\t\t\t\t\t\t\t\t\t\t\t\t<div class=\"wpb-timeline-icon\">\n\t\t\t\t\t\t\t\t<i aria-hidden=\"true\" class=\"fas fa-file\"><\/i>\t\t\t\t\t\t\t<\/div>\n\t\t\t\t\t\t\t\t\t\t\t\t<div class=\"wpb-timeline-content\">\n\t\t\t\t\t\t\t\n\t\t\t\t\t\t\t<h3>2012 - 300% stigning p\u00e5 et \u00e5r<\/h3>\n\t\t\t\t\t\t\t<p>Vasaloppet bliver den f\u00f8rste kunde i Sverige og Oslo Kommune vil bruge systemet til administration af meddommere og valgmedarbejdere. <\/p>\n\n\t\t\t\t\t\t\t\n\t\t\t\t\t\t\t<div class=\"wpb-timeline-image\"><img decoding=\"async\" src=\"https:\/\/mobilise.no\/wp-content\/uploads\/valg.png\" alt=\"2012 - 300% \u00f8kning p\u00e5 et \u00e5r\" \/><\/div>\t\t\t\t\t\t<\/div>\n\t\t\t\t\t\t\t\t\t\t\t<\/div>\n\n\t\t\t\t\n\t\t\t\t\t<div class=\"wpb-timeline-block\">\n\t\t\t\t\t\t\t\t\t\t\t\t\t\t\t\t\t\t\t<div class=\"wpb-timeline-icon\">\n\t\t\t\t\t\t\t\t<i aria-hidden=\"true\" class=\"fas fa-file\"><\/i>\t\t\t\t\t\t\t<\/div>\n\t\t\t\t\t\t\t\t\t\t\t\t<div class=\"wpb-timeline-content\">\n\t\t\t\t\t\t\t\n\t\t\t\t\t\t\t<h3>2013 - F\u00f8rste kunde i Danmark<\/h3>\n\t\t\t\t\t\t\t<p>Virksomheden forts\u00e6tter med at vokse og f\u00e5 en r\u00e6kke nye kunder ogs\u00e5 i nye brancher. B\u00e5de bes\u00e6tnings- og deltidsansatte styres nu med Mobilize Eventportal. Eurovision Danmark bruger systemet og bliver den f\u00f8rste danske kunde.<\/p>\n\n\t\t\t\t\t\t\t\n\t\t\t\t\t\t\t\t\t\t\t\t\t<\/div>\n\t\t\t\t\t\t\t\t\t\t\t<\/div>\n\n\t\t\t\t\n\t\t\t\t\t<div class=\"wpb-timeline-block\">\n\t\t\t\t\t\t\t\t\t\t\t\t\t\t\t\t\t\t\t<div class=\"wpb-timeline-icon\">\n\t\t\t\t\t\t\t\t<i aria-hidden=\"true\" class=\"fas fa-file\"><\/i>\t\t\t\t\t\t\t<\/div>\n\t\t\t\t\t\t\t\t\t\t\t\t<div class=\"wpb-timeline-content\">\n\t\t\t\t\t\t\t\n\t\t\t\t\t\t\t<h3>2014 - Sverige her kommer vi ...<\/h3>\n\t\t\t\t\t\t\t<p>Vi fokuserer p\u00e5 det svenske marked og f\u00e5r en r\u00e6kke nye svenske kunder; G\u00f8teborg &amp; Co, Destinasjon Halmstad, Bor\u00e5s by og Way out West. Virksomheden vinder nye udbud og langsigtede kontrakter med Oslo, Bergen og Trondheim kommuner. <\/p>\n\n\t\t\t\t\t\t\t\n\t\t\t\t\t\t\t<div class=\"wpb-timeline-image\"><img decoding=\"async\" src=\"https:\/\/mobilise.no\/wp-content\/uploads\/flagg-768x453.jpg\" alt=\"2014 - Sverige here we come...\" \/><\/div>\t\t\t\t\t\t<\/div>\n\t\t\t\t\t\t\t\t\t\t\t<\/div>\n\n\t\t\t\t\n\t\t\t\t\t<div class=\"wpb-timeline-block\">\n\t\t\t\t\t\t\t\t\t\t\t\t\t\t\t\t\t\t\t<div class=\"wpb-timeline-icon\">\n\t\t\t\t\t\t\t\t<i aria-hidden=\"true\" class=\"fas fa-file\"><\/i>\t\t\t\t\t\t\t<\/div>\n\t\t\t\t\t\t\t\t\t\t\t\t<div class=\"wpb-timeline-content\">\n\t\t\t\t\t\t\t\n\t\t\t\t\t\t\t<h3>2015 - \u00c5bner kontor i Stockholm<\/h3>\n\t\t\t\t\t\t\t<p>Vi \u00e5bner et kontor i Stockholm. Virksomheden f\u00e5r sin f\u00f8rste kunde i Finland, verdensmesterskaberne i kunstsk\u00f8jtel\u00f8b i Helsinki i 2017.<\/p>\n\n\t\t\t\t\t\t\t\n\t\t\t\t\t\t\t\t\t\t\t\t\t<\/div>\n\t\t\t\t\t\t\t\t\t\t\t<\/div>\n\n\t\t\t\t\n\t\t\t\t\t<div class=\"wpb-timeline-block\">\n\t\t\t\t\t\t\t\t\t\t\t\t\t\t\t\t\t\t\t<div class=\"wpb-timeline-icon\">\n\t\t\t\t\t\t\t\t<i aria-hidden=\"true\" class=\"fas fa-file\"><\/i>\t\t\t\t\t\t\t<\/div>\n\t\t\t\t\t\t\t\t\t\t\t\t<div class=\"wpb-timeline-content\">\n\t\t\t\t\t\t\t\n\t\t\t\t\t\t\t<h3>2016 - VM, OL og tv-kampagne<\/h3>\n\t\t\t\t\t\t\t<p>Dette er \u00e5ret for store engangsbegivenheder - VM i Skiskydning i Oslo, Ungdoms-OL i Lillehammer, X-Games i Oslo, V\u00e6gtl\u00f8ftnings-EM i F\u00f8rde, Eurovision i Stockholm - alle bruger Mobilize til deres frivillige. Derudover indg\u00e5r tv-kampagnen en aftale om en platform for deres 20.000 frivillige og 100.000 b\u00f8sseb\u00e6rere. Platformen udvikles i takt med vores kunders behov.<\/p>\n\n\t\t\t\t\t\t\t\n\t\t\t\t\t\t\t\t\t\t\t\t\t<\/div>\n\t\t\t\t\t\t\t\t\t\t\t<\/div>\n\n\t\t\t\t\n\t\t\t\t\t<div class=\"wpb-timeline-block\">\n\t\t\t\t\t\t\t\t\t\t\t\t\t\t\t\t\t\t\t<div class=\"wpb-timeline-icon\">\n\t\t\t\t\t\t\t\t<i aria-hidden=\"true\" class=\"fas fa-file\"><\/i>\t\t\t\t\t\t\t<\/div>\n\t\t\t\t\t\t\t\t\t\t\t\t<div class=\"wpb-timeline-content\">\n\t\t\t\t\t\t\t\n\t\t\t\t\t\t\t<h3>2017 - Kompetence i fokus<\/h3>\n\t\t\t\t\t\t\t<p>Virksomheden forts\u00e6tter den gode v\u00e6kst og tegner 40 nye kunder. Mobilize udvider teamet og leverer viden, kompetence og system. Vores svenske kontor flytter fra Stockholm til G\u00f8teborg. Vi vinder vores f\u00f8rste svenske udbud med V\u00e4steras kommune.<\/p>\n\n\t\t\t\t\t\t\t\n\t\t\t\t\t\t\t\t\t\t\t\t\t<\/div>\n\t\t\t\t\t\t\t\t\t\t\t<\/div>\n\n\t\t\t\t\n\t\t\t\t\t<div class=\"wpb-timeline-block\">\n\t\t\t\t\t\t\t\t\t\t\t\t\t\t\t\t\t\t\t<div class=\"wpb-timeline-icon\">\n\t\t\t\t\t\t\t\t<i aria-hidden=\"true\" class=\"fas fa-file\"><\/i>\t\t\t\t\t\t\t<\/div>\n\t\t\t\t\t\t\t\t\t\t\t\t<div class=\"wpb-timeline-content\">\n\t\t\t\t\t\t\t\n\t\t\t\t\t\t\t<h3>2018 - Nye rekorder<\/h3>\n\t\t\t\t\t\t\t<p>Mobilize f\u00e5r testet leveringsevnen og leverer en l\u00f8sning til VM i ishockey i Danmark p\u00e5 rekordtid. Samme \u00e5r indg\u00e5r vi aftaler med Arbeiderpartiet, Kirkens Bymisjon, Stockholm Stadsmissionen, Norges H\u00e5ndballforbund, VM i Curling, Skidspelen i Falun, VM Ulricehamn, VM Curling i \u00c5rhus og \u00f8ger antallet af kommuner p\u00e5 kundelisten fra kl. 20 til 29. Mobilize s\u00e6tter ny oms\u00e6tningsrekord.<\/p>\n\n\t\t\t\t\t\t\t\n\t\t\t\t\t\t\t\t\t\t\t\t\t<\/div>\n\t\t\t\t\t\t\t\t\t\t\t<\/div>\n\n\t\t\t\t\n\t\t\t\t\t<div class=\"wpb-timeline-block\">\n\t\t\t\t\t\t\t\t\t\t\t\t\t\t\t\t\t\t\t<div class=\"wpb-timeline-icon\">\n\t\t\t\t\t\t\t\t<i aria-hidden=\"true\" class=\"fas fa-file\"><\/i>\t\t\t\t\t\t\t<\/div>\n\t\t\t\t\t\t\t\t\t\t\t\t<div class=\"wpb-timeline-content\">\n\t\t\t\t\t\t\t\n\t\t\t\t\t\t\t<h3>2019 - The Mobilize Way<\/h3>\n\t\t\t\t\t\t\t<p>Vi lancerer rammen &quot;The Mobilize Way&quot; og viser, at vi fokuserer mere p\u00e5 viden og kompetenceudvikling hos vores kunder. Dette bliver godt modtaget i markedet og flere non-profit organisationer bliver kunder, s\u00e5som Dr\u00e5pen i Havet, Caritas Norge, Kirkens Bymisjon, Kreftforeningen. Mobilize bist\u00e5r som forandringsr\u00e5dgivere udover at levere en markedsledende platform.<br \/>\nVi indg\u00e5r ogs\u00e5 et samarbejde med det svenske idr\u00e6tsforbund i Sverige, for at udvikle en best practice for sportsbegivenheder i Sverige.<\/p>\n\n\t\t\t\t\t\t\t\n\t\t\t\t\t\t\t\t\t\t\t\t\t<\/div>\n\t\t\t\t\t\t\t\t\t\t\t<\/div>\n\n\t\t\t\t\n\t\t\t\t\t<div class=\"wpb-timeline-block\">\n\t\t\t\t\t\t\t\t\t\t\t\t\t\t\t\t\t\t\t<div class=\"wpb-timeline-icon\">\n\t\t\t\t\t\t\t\t<i aria-hidden=\"true\" class=\"fas fa-file\"><\/i>\t\t\t\t\t\t\t<\/div>\n\t\t\t\t\t\t\t\t\t\t\t\t<div class=\"wpb-timeline-content\">\n\t\t\t\t\t\t\t\n\t\t\t\t\t\t\t<h3>2020 -<\/h3>\n\t\t\t\t\t\t\t<p>Ny profil og ny opgraderet platform lanceret! \u00c5ret starter med afslutningen af EM i h\u00e5ndbold (Norge og Sverige) og Ski Tour, samt aftaler med en r\u00e6kke nye kunder s\u00e5som VM i Marathon Paddling 2020, Kongsberg Jazz Festival, RBK, Molde FK, \u00c5lesund FK, Grimstad Rally og et nyligt vundet udbud med V\u00e4steras City. Vi ser frem til et nyt begivenhedsrigt \u00e5r...<\/p>\n\n\t\t\t\t\t\t\t\n\t\t\t\t\t\t\t\t\t\t\t\t\t<\/div>\n\t\t\t\t\t\t\t\t\t\t\t<\/div>\n\n\t\t\t\t\n\t\t\t<\/div>\n\t\t\n\t\t\t\t\t\t<\/div>\n\t\t\t\t<\/div>\n\t\t\t\t\t<\/div>\n\t\t<\/div>\n\t\t\t\t\t<\/div>\n\t\t<\/section>\n\t\t\t\t<\/div>","protected":false},"excerpt":{"rendered":"<p>2011 &ndash; En bragende start! &lt;p&gt;Vi leverer en skr&aelig;ddersyet platform til SKI VM 2011 til rekruttering og organisering af 2.500 frivillige og arrangementet var en stor succes.&lt;br \/&gt; Den nye platform revolutionerede m&aring;den at rekruttere og organisere frivillige p&aring; &ndash; de gik v&aelig;k fra E-mail og Excel og skiftede til et webbaseret databasesystem. Der er stor interesse for [&hellip;]<\/p>","protected":false},"author":1,"featured_media":0,"parent":0,"menu_order":0,"comment_status":"closed","ping_status":"closed","template":"","meta":{"_monsterinsights_skip_tracking":false,"_monsterinsights_sitenote_active":false,"_monsterinsights_sitenote_note":"","_monsterinsights_sitenote_category":0,"footnotes":""},"class_list":["post-31","page","type-page","status-publish","hentry"],"_links":{"self":[{"href":"https:\/\/mobilise.no\/da\/wp-json\/wp\/v2\/pages\/31","targetHints":{"allow":["GET"]}}],"collection":[{"href":"https:\/\/mobilise.no\/da\/wp-json\/wp\/v2\/pages"}],"about":[{"href":"https:\/\/mobilise.no\/da\/wp-json\/wp\/v2\/types\/page"}],"author":[{"embeddable":true,"href":"https:\/\/mobilise.no\/da\/wp-json\/wp\/v2\/users\/1"}],"replies":[{"embeddable":true,"href":"https:\/\/mobilise.no\/da\/wp-json\/wp\/v2\/comments?post=31"}],"version-history":[{"count":0,"href":"https:\/\/mobilise.no\/da\/wp-json\/wp\/v2\/pages\/31\/revisions"}],"wp:attachment":[{"href":"https:\/\/mobilise.no\/da\/wp-json\/wp\/v2\/media?parent=31"}],"curies":[{"name":"wp","href":"https:\/\/api.w.org\/{rel}","templated":true}]}}