{"id":5,"date":"2020-01-22T20:55:32","date_gmt":"2020-01-22T19:55:32","guid":{"rendered":"https:\/\/mobilise.wpmudev.host\/?page_id=5"},"modified":"2020-01-22T20:55:32","modified_gmt":"2020-01-22T19:55:32","slug":"personvernerklaering","status":"publish","type":"page","link":"https:\/\/mobilise.no\/da\/personvernerklaering\/","title":{"rendered":"Fortrolighedserkl\u00e6ring"},"content":{"rendered":"<h2 class=\"wp-block-heading\">Hvem vi er<\/h2>\n\n\n<p>Vores hjemmesideadresse er: https:\/\/mobilise.wpmudev.host<\/p>\n\n\n<h2 class=\"wp-block-heading\">Hvilke personlige oplysninger vi indsamler, og hvorfor vi indsamler dem<\/h2>\n\n\n<h3 class=\"wp-block-heading\">Kommentarer<\/h3>\n\n\n<p>N\u00e5r bes\u00f8gende skriver kommentarer p\u00e5 siden, gemmes oplysningerne i kommentarformularen ud over den bes\u00f8gendes IP-adresse og den bes\u00f8gendes browserversion. Dette g\u00f8res for at hj\u00e6lpe med at undg\u00e5 useri\u00f8se kommentarer.<\/p>\n\n\n<p>En anonym tekststreng genereret baseret p\u00e5 din e-mailadresse (ogs\u00e5 kaldet en &quot;hash&quot;) kan sendes til Gravatar-tjenesten for at tjekke, om du har en konto der. Gravatars fortrolighedserkl\u00e6ring er her: https:\/\/automattic.com\/privacy\/. Efter din kommentar er blevet godkendt, vil dit profilbillede v\u00e6re synligt for alle i forbindelse med din kommentar.<\/p>\n\n\n<h3 class=\"wp-block-heading\">Medier<\/h3>\n\n\n<p>Hvis du uploader billeder til webstedet, b\u00f8r du undg\u00e5 at uploade billeder, der indeholder oplysninger om det sted, der er taget (EXIF GPS). Bes\u00f8gende p\u00e5 webstedet kan downloade og hente s\u00e5danne oplysninger fra billeder p\u00e5 webstedet.<\/p>\n\n\n<h3 class=\"wp-block-heading\">Kontakt formularer<\/h3>\n\n\n<h3 class=\"wp-block-heading\">Cookies<\/h3>\n\n\n<p>Hvis du skriver en kommentar p\u00e5 denne side, kan du bede os om at huske dit navn, din e-mail og dit websted. Disse oplysninger gemmes i en cookie og er til for at g\u00f8re tingene lettere for dig. Du beh\u00f8ver ikke at indtaste disse oplysninger igen, n\u00e6ste gang du skriver en kommentar. Disse cookies udl\u00f8ber efter et \u00e5r.<\/p>\n\n\n<p>Hvis du bes\u00f8ger vores login-side, opretter vi en midlertidig cookie for at afg\u00f8re, om din browser accepterer cookies. Denne cookie indeholder ingen personlige oplysninger og forsvinder, s\u00e5 snart du lukker din browser.<\/p>\n\n\n<p>N\u00e5r du logger ind, oprettes der cookies, der gemmer dine loginoplysninger og valg, du har truffet med hensyn til, hvordan indhold skal vises. Cookies med loginoplysninger udl\u00f8ber efter to dage, mens cookies med visningsmuligheder holder i et \u00e5r. Hvis du markerer &#039;Husk mig&#039;, opbevares dine loginoplysninger i to uger. Hvis du logger ud af din konto, forsvinder disse cookies.<\/p>\n\n\n<p>Hvis du redigerer eller udgiver en artikel, vil en ekstra cookie blive gemt i din browser. Denne cookie indeholder ingen personlige oplysninger, men kun ID&#039;et for den artikel, du lige har redigeret. Den udl\u00f8ber efter en dag.<\/p>\n\n\n<h3 class=\"wp-block-heading\">Indlejret indhold fra andre websteder<\/h3>\n\n\n<p>Artikler p\u00e5 denne side kan indeholde indlejret indhold (f.eks. videoer, billeder, artikler osv.). Indlejret indhold fra andre websteder opf\u00f8rer sig p\u00e5 n\u00f8jagtig samme m\u00e5de, som hvis den bes\u00f8gende havde bes\u00f8gt webstedet, hvorfra det indlejrede indhold kommer.<\/p>\n\n\n<p>Disse websteder kan indsamle oplysninger om dig, bruge cookies, indlejre tredjeparts sporingssystemer og overv\u00e5ge, hvad du g\u00f8r gennem dette indlejrede indhold. Dette inkluderer ogs\u00e5 sporing af dine handlinger via det indbyggede indhold, hvis du har en konto og er logget ind p\u00e5 siden.<\/p>\n\n\n<h3 class=\"wp-block-heading\">Analyse<\/h3>\n\n\n<h2 class=\"wp-block-heading\">Hvem vi deler dine oplysninger med<\/h2>\n\n\n<h2 class=\"wp-block-heading\">Hvor l\u00e6nge opbevarer vi oplysninger om dig<\/h2>\n\n\n<p>Hvis du l\u00e6gger en kommentar, vil kommentaren og oplysningerne om kommentaren blive gemt p\u00e5 ubestemt tid. Dette er for at vi kan genkende opf\u00f8lgende kommentarer og godkende dem automatisk i stedet for at s\u00e6tte dem i en k\u00f8, hvor de manuelt skal godkendes af en redakt\u00f8r.<\/p>\n\n\n<p>For brugere, der registrerer sig p\u00e5 denne hjemmeside (hvis denne mulighed findes), gemmes ogs\u00e5 personlige oplysninger, som de angiver i deres brugerprofil. Alle brugere kan til enhver tid se, redigere og slette deres egne personlige oplysninger (undtagen brugernavn). Webstedets administratorer kan ogs\u00e5 se og redigere disse oplysninger.<\/p>\n\n\n<h2 class=\"wp-block-heading\">Dine rettigheder vedr\u00f8rende oplysninger, vi har om dig<\/h2>\n\n\n<p>Hvis du har en konto p\u00e5 dette websted eller har efterladt kommentarer, kan du anmode om en eksportfil, der indeholder de personlige oplysninger, vi har om dig. Dette inkluderer alle data, du har givet os. Du kan ogs\u00e5 anmode om, at vi sletter alle personlige oplysninger, vi har om dig. Dette inkluderer ikke oplysninger, vi er forpligtet til at gemme af administrative, juridiske eller sikkerhedsm\u00e6ssige \u00e5rsager.<\/p>\n\n\n<h2 class=\"wp-block-heading\">Hvor vi sender oplysninger om dig<\/h2>\n\n\n<p>Bes\u00f8gendes kommentarer kan tjekkes gennem en automatisk spam-detektionstjeneste.<\/p>\n\n\n<h2 class=\"wp-block-heading\">Dine kontaktoplysninger<\/h2>\n\n\n<h2 class=\"wp-block-heading\">Yderligere Information<\/h2>\n\n\n<h3 class=\"wp-block-heading\">Hvordan vi beskytter dine personlige oplysninger<\/h3>\n\n\n<h3 class=\"wp-block-heading\">Vores rutiner for datal\u00e6k<\/h3>\n\n\n<h3 class=\"wp-block-heading\">Hvilke tredjeparter vi modtager oplysninger fra<\/h3>\n\n\n<h3 class=\"wp-block-heading\">Hvilke automatiske beslutninger tr\u00e6ffes og\/eller hvilken slags profiler er bygget p\u00e5 baggrund af brugernes information.<\/h3>\n\n\n<h3 class=\"wp-block-heading\">Oplysningskrav fra branchelovgivningen<\/h3>\n\n<h3>Plugin: Defender Pro<\/h3>\n<p><strong>Tredje partier<\/strong><\/p>\n<p>Dette websted bruger muligvis WPMU DEV tredjeparts cloud storage til at gemme sikkerhedskopier af dets revisionslogfiler, hvor personlige oplysninger indsamles.<\/p>\n<p><strong>Yderligere data<\/strong><\/p>\n<p>Dette websted opretter og gemmer en aktivitetslog, der fanger IP-adressen, brugernavnet, e-mailadressen og sporer brugeraktivitet (som n\u00e5r en bruger laver en kommentar). Oplysninger vil blive gemt lokalt i 30 dage og eksternt i 1 \u00e5r. Oplysninger om fjernlogfiler kan ikke ryddes af sikkerhedsm\u00e6ssige \u00e5rsager.<\/p>","protected":false},"excerpt":{"rendered":"<p>Hvem er vi Vores webstedsadresse er: https:\/\/mobilise.wpmudev.host Hvilke personlige data vi indsamler, og hvorfor vi indsamler dem Kommentarer N\u00e5r bes\u00f8gende skriver kommentarer p\u00e5 siden, gemmes de oplysninger, der er indtastet i kommentarformularen ud over IP-adressen den bes\u00f8gendes adresse og den bes\u00f8gendes browserversion. Dette g\u00f8res for at hj\u00e6lpe med at undg\u00e5 useri\u00f8se kommentarer. En anonym [\u2026]<\/p>","protected":false},"author":1,"featured_media":0,"parent":0,"menu_order":0,"comment_status":"closed","ping_status":"closed","template":"","meta":{"_monsterinsights_skip_tracking":false,"_monsterinsights_sitenote_active":false,"_monsterinsights_sitenote_note":"","_monsterinsights_sitenote_category":0,"footnotes":""},"class_list":["post-5","page","type-page","status-publish","hentry"],"_links":{"self":[{"href":"https:\/\/mobilise.no\/da\/wp-json\/wp\/v2\/pages\/5","targetHints":{"allow":["GET"]}}],"collection":[{"href":"https:\/\/mobilise.no\/da\/wp-json\/wp\/v2\/pages"}],"about":[{"href":"https:\/\/mobilise.no\/da\/wp-json\/wp\/v2\/types\/page"}],"author":[{"embeddable":true,"href":"https:\/\/mobilise.no\/da\/wp-json\/wp\/v2\/users\/1"}],"replies":[{"embeddable":true,"href":"https:\/\/mobilise.no\/da\/wp-json\/wp\/v2\/comments?post=5"}],"version-history":[{"count":0,"href":"https:\/\/mobilise.no\/da\/wp-json\/wp\/v2\/pages\/5\/revisions"}],"wp:attachment":[{"href":"https:\/\/mobilise.no\/da\/wp-json\/wp\/v2\/media?parent=5"}],"curies":[{"name":"wp","href":"https:\/\/api.w.org\/{rel}","templated":true}]}}