{"id":31,"date":"2020-01-23T12:39:18","date_gmt":"2020-01-23T11:39:18","guid":{"rendered":"https:\/\/mobilise.wpmudev.host\/?page_id=31"},"modified":"2020-06-14T08:35:46","modified_gmt":"2020-06-14T07:35:46","slug":"historie","status":"publish","type":"page","link":"https:\/\/mobilise.no\/en\/historie\/","title":{"rendered":"About us"},"content":{"rendered":"<div data-elementor-type=\"wp-page\" data-elementor-id=\"31\" class=\"elementor elementor-31\" data-elementor-post-type=\"page\">\n\t\t\t\t\t\t<section class=\"elementor-section elementor-top-section elementor-element elementor-element-2afeb9aa elementor-section-boxed elementor-section-height-default elementor-section-height-default\" data-id=\"2afeb9aa\" data-element_type=\"section\" data-e-type=\"section\" id=\"toppp\" data-settings=\"{&quot;background_background&quot;:&quot;classic&quot;}\">\n\t\t\t\t\t\t\t<div class=\"elementor-background-overlay\"><\/div>\n\t\t\t\t\t\t\t<div class=\"elementor-container elementor-column-gap-default\">\n\t\t\t\t\t<div class=\"elementor-column elementor-col-100 elementor-top-column elementor-element elementor-element-69f1217e\" data-id=\"69f1217e\" data-element_type=\"column\" data-e-type=\"column\">\n\t\t\t<div class=\"elementor-widget-wrap elementor-element-populated\">\n\t\t\t\t\t\t\t<\/div>\n\t\t<\/div>\n\t\t\t\t\t<\/div>\n\t\t<\/section>\n\t\t\t\t<section class=\"elementor-section elementor-top-section elementor-element elementor-element-badd70a elementor-section-boxed elementor-section-height-default elementor-section-height-default\" data-id=\"badd70a\" data-element_type=\"section\" data-e-type=\"section\">\n\t\t\t\t\t\t<div class=\"elementor-container elementor-column-gap-default\">\n\t\t\t\t\t<div class=\"elementor-column elementor-col-100 elementor-top-column elementor-element elementor-element-3195e9b\" data-id=\"3195e9b\" data-element_type=\"column\" data-e-type=\"column\">\n\t\t\t<div class=\"elementor-widget-wrap elementor-element-populated\">\n\t\t\t\t\t\t<div class=\"elementor-element elementor-element-2655ee4 elementor-widget elementor-widget-wpb-ea-timeline\" data-id=\"2655ee4\" data-element_type=\"widget\" data-e-type=\"widget\" data-widget_type=\"wpb-ea-timeline.default\">\n\t\t\t\t<div class=\"elementor-widget-container\">\n\t\t\t\t\t\t\t\t<div class=\"wpb-timeline-area wpb-timeline-left-right wpb-timeline-shadow-yes\">\n\n\t\t\t\t\n\t\t\t\t\t<div class=\"wpb-timeline-block\">\n\t\t\t\t\t\t\t\t\t\t\t\t\t\t\t\t\t\t\t<div class=\"wpb-timeline-icon\">\n\t\t\t\t\t\t\t\t<i aria-hidden=\"true\" class=\"fas fa-file\"><\/i>\t\t\t\t\t\t\t<\/div>\n\t\t\t\t\t\t\t\t\t\t\t\t<div class=\"wpb-timeline-content\">\n\t\t\t\t\t\t\t\n\t\t\t\t\t\t\t<h3>2011 - A head start!<\/h3>\n\t\t\t\t\t\t\t<p>We deliver a tailor-made platform for the SKI WC 2011 for the recruitment and organization of 2,500 volunteers and the event was a great success.<br \/>\nThe new platform revolutionized the way of recruiting and organizing volunteers - one moved away from Email and Excel and over to the online database system.<br \/>\nThere is great interest in the &quot;new platform&quot; in the market. Snowboard WC, \u00d8yafestivalen, Oslo Marathon, Skiforeningen, Nobel Peace Prize enter into long-term agreements.<\/p>\n\n\t\t\t\t\t\t\t\n\t\t\t\t\t\t\t<div class=\"wpb-timeline-image\"><img decoding=\"async\" src=\"https:\/\/mobilise.no\/wp-content\/uploads\/holmenkollen-01-768x614.jpg\" alt=\"2011 - En pangstart!\" \/><\/div>\t\t\t\t\t\t<\/div>\n\t\t\t\t\t\t\t\t\t\t\t<\/div>\n\n\t\t\t\t\n\t\t\t\t\t<div class=\"wpb-timeline-block\">\n\t\t\t\t\t\t\t\t\t\t\t\t\t\t\t\t\t\t\t<div class=\"wpb-timeline-icon\">\n\t\t\t\t\t\t\t\t<i aria-hidden=\"true\" class=\"fas fa-file\"><\/i>\t\t\t\t\t\t\t<\/div>\n\t\t\t\t\t\t\t\t\t\t\t\t<div class=\"wpb-timeline-content\">\n\t\t\t\t\t\t\t\n\t\t\t\t\t\t\t<h3>2012 - 300% increase in one year<\/h3>\n\t\t\t\t\t\t\t<p>Vasaloppet will be the first customer in Sweden and Oslo Municipality will use the system for the administration of co-judges and election staff. <\/p>\n\n\t\t\t\t\t\t\t\n\t\t\t\t\t\t\t<div class=\"wpb-timeline-image\"><img decoding=\"async\" src=\"https:\/\/mobilise.no\/wp-content\/uploads\/valg.png\" alt=\"2012 - 300% \u00f8kning p\u00e5 et \u00e5r\" \/><\/div>\t\t\t\t\t\t<\/div>\n\t\t\t\t\t\t\t\t\t\t\t<\/div>\n\n\t\t\t\t\n\t\t\t\t\t<div class=\"wpb-timeline-block\">\n\t\t\t\t\t\t\t\t\t\t\t\t\t\t\t\t\t\t\t<div class=\"wpb-timeline-icon\">\n\t\t\t\t\t\t\t\t<i aria-hidden=\"true\" class=\"fas fa-file\"><\/i>\t\t\t\t\t\t\t<\/div>\n\t\t\t\t\t\t\t\t\t\t\t\t<div class=\"wpb-timeline-content\">\n\t\t\t\t\t\t\t\n\t\t\t\t\t\t\t<h3>2013 - First customer in Denmark<\/h3>\n\t\t\t\t\t\t\t<p>The company continues to grow and gain a number of new customers also in new industries. Both crew and part-time employees are now managed with Mobilise Eventportal. Eurovision Denmark uses the system and becomes the first Danish customer.<\/p>\n\n\t\t\t\t\t\t\t\n\t\t\t\t\t\t\t\t\t\t\t\t\t<\/div>\n\t\t\t\t\t\t\t\t\t\t\t<\/div>\n\n\t\t\t\t\n\t\t\t\t\t<div class=\"wpb-timeline-block\">\n\t\t\t\t\t\t\t\t\t\t\t\t\t\t\t\t\t\t\t<div class=\"wpb-timeline-icon\">\n\t\t\t\t\t\t\t\t<i aria-hidden=\"true\" class=\"fas fa-file\"><\/i>\t\t\t\t\t\t\t<\/div>\n\t\t\t\t\t\t\t\t\t\t\t\t<div class=\"wpb-timeline-content\">\n\t\t\t\t\t\t\t\n\t\t\t\t\t\t\t<h3>2014 - Sweden here we come ...<\/h3>\n\t\t\t\t\t\t\t<p>We focus on the Swedish market and gain a number of new Swedish customers; Gothenburg &amp; Co, Destinasjon Halmstad, Bor\u00e5s city and Way out West. The company wins new tenders and long-term contracts with Oslo, Bergen and Trondheim municipalities. <\/p>\n\n\t\t\t\t\t\t\t\n\t\t\t\t\t\t\t<div class=\"wpb-timeline-image\"><img decoding=\"async\" src=\"https:\/\/mobilise.no\/wp-content\/uploads\/flagg-768x453.jpg\" alt=\"2014 - Sverige here we come...\" \/><\/div>\t\t\t\t\t\t<\/div>\n\t\t\t\t\t\t\t\t\t\t\t<\/div>\n\n\t\t\t\t\n\t\t\t\t\t<div class=\"wpb-timeline-block\">\n\t\t\t\t\t\t\t\t\t\t\t\t\t\t\t\t\t\t\t<div class=\"wpb-timeline-icon\">\n\t\t\t\t\t\t\t\t<i aria-hidden=\"true\" class=\"fas fa-file\"><\/i>\t\t\t\t\t\t\t<\/div>\n\t\t\t\t\t\t\t\t\t\t\t\t<div class=\"wpb-timeline-content\">\n\t\t\t\t\t\t\t\n\t\t\t\t\t\t\t<h3>2015 - Opens an office in Stockholm<\/h3>\n\t\t\t\t\t\t\t<p>We are opening an office in Stockholm. The company will have its first customer in Finland, the World Figure Skating Championships in Helsinki in 2017.<\/p>\n\n\t\t\t\t\t\t\t\n\t\t\t\t\t\t\t\t\t\t\t\t\t<\/div>\n\t\t\t\t\t\t\t\t\t\t\t<\/div>\n\n\t\t\t\t\n\t\t\t\t\t<div class=\"wpb-timeline-block\">\n\t\t\t\t\t\t\t\t\t\t\t\t\t\t\t\t\t\t\t<div class=\"wpb-timeline-icon\">\n\t\t\t\t\t\t\t\t<i aria-hidden=\"true\" class=\"fas fa-file\"><\/i>\t\t\t\t\t\t\t<\/div>\n\t\t\t\t\t\t\t\t\t\t\t\t<div class=\"wpb-timeline-content\">\n\t\t\t\t\t\t\t\n\t\t\t\t\t\t\t<h3>2016 - World Cup, Olympics and TV campaign<\/h3>\n\t\t\t\t\t\t\t<p>This is the year for major one-off events - the World Cup in Biathlon in Oslo, the Youth Olympics in Lillehammer, the X-Games in Oslo, the Weightlifting European Championships in F\u00f8rde, Eurovision in Stockholm - all use Mobilise for their volunteers. In addition, the TV campaign enters into an agreement on a platform for their 20,000 volunteers and 100,000 gun carriers. The platform is developed in step with our customers&#039; needs.<\/p>\n\n\t\t\t\t\t\t\t\n\t\t\t\t\t\t\t\t\t\t\t\t\t<\/div>\n\t\t\t\t\t\t\t\t\t\t\t<\/div>\n\n\t\t\t\t\n\t\t\t\t\t<div class=\"wpb-timeline-block\">\n\t\t\t\t\t\t\t\t\t\t\t\t\t\t\t\t\t\t\t<div class=\"wpb-timeline-icon\">\n\t\t\t\t\t\t\t\t<i aria-hidden=\"true\" class=\"fas fa-file\"><\/i>\t\t\t\t\t\t\t<\/div>\n\t\t\t\t\t\t\t\t\t\t\t\t<div class=\"wpb-timeline-content\">\n\t\t\t\t\t\t\t\n\t\t\t\t\t\t\t<h3>2017 - Competence in focus<\/h3>\n\t\t\t\t\t\t\t<p>The company continues the good growth and signs 40 new customers. Mobilise expands the team and delivers knowledge, competence and system. Our Swedish office is moving from Stockholm to Gothenburg. We win our first Swedish tender with V\u00e4steras municipality.<\/p>\n\n\t\t\t\t\t\t\t\n\t\t\t\t\t\t\t\t\t\t\t\t\t<\/div>\n\t\t\t\t\t\t\t\t\t\t\t<\/div>\n\n\t\t\t\t\n\t\t\t\t\t<div class=\"wpb-timeline-block\">\n\t\t\t\t\t\t\t\t\t\t\t\t\t\t\t\t\t\t\t<div class=\"wpb-timeline-icon\">\n\t\t\t\t\t\t\t\t<i aria-hidden=\"true\" class=\"fas fa-file\"><\/i>\t\t\t\t\t\t\t<\/div>\n\t\t\t\t\t\t\t\t\t\t\t\t<div class=\"wpb-timeline-content\">\n\t\t\t\t\t\t\t\n\t\t\t\t\t\t\t<h3>2018 - New records<\/h3>\n\t\t\t\t\t\t\t<p>Mobilise gets its delivery ability tested and delivers a solution to the World Cup in ice hockey in Denmark in record time. In the same year, we enter into agreements with the Labor Party, Kirkens Bymisjon, Stockholm Stadsmissionen, Norges H\u00e5ndballforbund, VM i Curling, Skidspelen i Falun, World Cup Ulricehamn, VM Curling i \u00c5rhus and increase the number of municipalities on the customer list from 20 to 29. Mobilise sets a new turnover record.<\/p>\n\n\t\t\t\t\t\t\t\n\t\t\t\t\t\t\t\t\t\t\t\t\t<\/div>\n\t\t\t\t\t\t\t\t\t\t\t<\/div>\n\n\t\t\t\t\n\t\t\t\t\t<div class=\"wpb-timeline-block\">\n\t\t\t\t\t\t\t\t\t\t\t\t\t\t\t\t\t\t\t<div class=\"wpb-timeline-icon\">\n\t\t\t\t\t\t\t\t<i aria-hidden=\"true\" class=\"fas fa-file\"><\/i>\t\t\t\t\t\t\t<\/div>\n\t\t\t\t\t\t\t\t\t\t\t\t<div class=\"wpb-timeline-content\">\n\t\t\t\t\t\t\t\n\t\t\t\t\t\t\t<h3>2019 - The Mobilize Way<\/h3>\n\t\t\t\t\t\t\t<p>We launch the framework &quot;The Mobilize Way&quot; and show that we focus more on knowledge and competence development among our customers. This is well received in the market and several non-profit organizations become customers, such as Dr\u00e5pen i Havet, Caritas Norway, Kirkens Bymisjon, Kreftforeningen. Mobilise assists as change advisors in addition to delivering a market-leading platform.<br \/>\nWe also enter into a collaboration with the Swedish Sports Confederation in Sweden, to develop a best practice for sports events in Sweden.<\/p>\n\n\t\t\t\t\t\t\t\n\t\t\t\t\t\t\t\t\t\t\t\t\t<\/div>\n\t\t\t\t\t\t\t\t\t\t\t<\/div>\n\n\t\t\t\t\n\t\t\t\t\t<div class=\"wpb-timeline-block\">\n\t\t\t\t\t\t\t\t\t\t\t\t\t\t\t\t\t\t\t<div class=\"wpb-timeline-icon\">\n\t\t\t\t\t\t\t\t<i aria-hidden=\"true\" class=\"fas fa-file\"><\/i>\t\t\t\t\t\t\t<\/div>\n\t\t\t\t\t\t\t\t\t\t\t\t<div class=\"wpb-timeline-content\">\n\t\t\t\t\t\t\t\n\t\t\t\t\t\t\t<h3>2020 -<\/h3>\n\t\t\t\t\t\t\t<p>New profile and new upgraded platform launched! The year starts with the completion of the European Championships in handball (Norway and Sweden) and Ski Tour, as well as agreements with a number of new customers such as the World Championships in Marathon Paddling 2020, Kongsberg Jazz Festival, RBK, Molde FK, \u00c5lesund FK, Grimstad Rally and a recently won tender with V\u00e4steras City. We look forward to a new eventful year ...<\/p>\n\n\t\t\t\t\t\t\t\n\t\t\t\t\t\t\t\t\t\t\t\t\t<\/div>\n\t\t\t\t\t\t\t\t\t\t\t<\/div>\n\n\t\t\t\t\n\t\t\t<\/div>\n\t\t\n\t\t\t\t\t\t<\/div>\n\t\t\t\t<\/div>\n\t\t\t\t\t<\/div>\n\t\t<\/div>\n\t\t\t\t\t<\/div>\n\t\t<\/section>\n\t\t\t\t<\/div>","protected":false},"excerpt":{"rendered":"<p>2011 &ndash; A bang start! &lt;p&gt;We deliver a tailor-made platform for the SKI WC 2011 for the recruitment and organization of 2,500 volunteers and the event was a great success.&lt;br \/&gt; The new platform revolutionized the way of recruiting and organizing volunteers - they moved away from E-mail and Excel and switched to a web-based database system. There is great interest in [...]<\/p>","protected":false},"author":1,"featured_media":0,"parent":0,"menu_order":0,"comment_status":"closed","ping_status":"closed","template":"","meta":{"_monsterinsights_skip_tracking":false,"_monsterinsights_sitenote_active":false,"_monsterinsights_sitenote_note":"","_monsterinsights_sitenote_category":0,"footnotes":""},"class_list":["post-31","page","type-page","status-publish","hentry"],"_links":{"self":[{"href":"https:\/\/mobilise.no\/en\/wp-json\/wp\/v2\/pages\/31","targetHints":{"allow":["GET"]}}],"collection":[{"href":"https:\/\/mobilise.no\/en\/wp-json\/wp\/v2\/pages"}],"about":[{"href":"https:\/\/mobilise.no\/en\/wp-json\/wp\/v2\/types\/page"}],"author":[{"embeddable":true,"href":"https:\/\/mobilise.no\/en\/wp-json\/wp\/v2\/users\/1"}],"replies":[{"embeddable":true,"href":"https:\/\/mobilise.no\/en\/wp-json\/wp\/v2\/comments?post=31"}],"version-history":[{"count":0,"href":"https:\/\/mobilise.no\/en\/wp-json\/wp\/v2\/pages\/31\/revisions"}],"wp:attachment":[{"href":"https:\/\/mobilise.no\/en\/wp-json\/wp\/v2\/media?parent=31"}],"curies":[{"name":"wp","href":"https:\/\/api.w.org\/{rel}","templated":true}]}}