{"id":31,"date":"2020-01-23T12:39:18","date_gmt":"2020-01-23T11:39:18","guid":{"rendered":"https:\/\/mobilise.wpmudev.host\/?page_id=31"},"modified":"2020-06-14T08:35:46","modified_gmt":"2020-06-14T07:35:46","slug":"historie","status":"publish","type":"page","link":"https:\/\/mobilise.no\/sv\/historie\/","title":{"rendered":"Historia"},"content":{"rendered":"<div data-elementor-type=\"wp-page\" data-elementor-id=\"31\" class=\"elementor elementor-31\" data-elementor-post-type=\"page\">\n\t\t\t\t\t\t<section class=\"elementor-section elementor-top-section elementor-element elementor-element-2afeb9aa elementor-section-boxed elementor-section-height-default elementor-section-height-default\" data-id=\"2afeb9aa\" data-element_type=\"section\" data-e-type=\"section\" id=\"toppp\" data-settings=\"{&quot;background_background&quot;:&quot;classic&quot;}\">\n\t\t\t\t\t\t\t<div class=\"elementor-background-overlay\"><\/div>\n\t\t\t\t\t\t\t<div class=\"elementor-container elementor-column-gap-default\">\n\t\t\t\t\t<div class=\"elementor-column elementor-col-100 elementor-top-column elementor-element elementor-element-69f1217e\" data-id=\"69f1217e\" data-element_type=\"column\" data-e-type=\"column\">\n\t\t\t<div class=\"elementor-widget-wrap elementor-element-populated\">\n\t\t\t\t\t\t\t<\/div>\n\t\t<\/div>\n\t\t\t\t\t<\/div>\n\t\t<\/section>\n\t\t\t\t<section class=\"elementor-section elementor-top-section elementor-element elementor-element-badd70a elementor-section-boxed elementor-section-height-default elementor-section-height-default\" data-id=\"badd70a\" data-element_type=\"section\" data-e-type=\"section\">\n\t\t\t\t\t\t<div class=\"elementor-container elementor-column-gap-default\">\n\t\t\t\t\t<div class=\"elementor-column elementor-col-100 elementor-top-column elementor-element elementor-element-3195e9b\" data-id=\"3195e9b\" data-element_type=\"column\" data-e-type=\"column\">\n\t\t\t<div class=\"elementor-widget-wrap elementor-element-populated\">\n\t\t\t\t\t\t<div class=\"elementor-element elementor-element-2655ee4 elementor-widget elementor-widget-wpb-ea-timeline\" data-id=\"2655ee4\" data-element_type=\"widget\" data-e-type=\"widget\" data-widget_type=\"wpb-ea-timeline.default\">\n\t\t\t\t<div class=\"elementor-widget-container\">\n\t\t\t\t\t\t\t\t<div class=\"wpb-timeline-area wpb-timeline-left-right wpb-timeline-shadow-yes\">\n\n\t\t\t\t\n\t\t\t\t\t<div class=\"wpb-timeline-block\">\n\t\t\t\t\t\t\t\t\t\t\t\t\t\t\t\t\t\t\t<div class=\"wpb-timeline-icon\">\n\t\t\t\t\t\t\t\t<i aria-hidden=\"true\" class=\"fas fa-file\"><\/i>\t\t\t\t\t\t\t<\/div>\n\t\t\t\t\t\t\t\t\t\t\t\t<div class=\"wpb-timeline-content\">\n\t\t\t\t\t\t\t\n\t\t\t\t\t\t\t<h3>2011 - Ett f\u00f6rspr\u00e5ng!<\/h3>\n\t\t\t\t\t\t\t<p>Vi levererar en skr\u00e4ddarsydd plattform till Skid-VM 2011 i Oslo, f\u00f6r rekrytering och organisering av 2500 volont\u00e4rer och arrangemanget blev en succe.<br \/>\nDen nya plattformen revolutionerade s\u00e4ttet att rekrytera och organisera volont\u00e4rer p\u00e5 - man fr\u00e5ngick e-post och Excel och gick \u00f6ver till en n\u00e4tbaserat databassystem.<br \/>\nDet \u00e4r stort intresse f\u00f6r den \u00abnya plattformen\u00bb p\u00e5 marknaden. Snowboard-VM, \u00d8yafestivalen, Oslo Maraton, Skiforeningen, Nobels Fredspris ing\u00e5r l\u00e5ngsiktiga avtal.<\/p>\n\n\t\t\t\t\t\t\t\n\t\t\t\t\t\t\t<div class=\"wpb-timeline-image\"><img decoding=\"async\" src=\"https:\/\/mobilise.no\/wp-content\/uploads\/holmenkollen-01-768x614.jpg\" alt=\"2011 - En pangstart!\" \/><\/div>\t\t\t\t\t\t<\/div>\n\t\t\t\t\t\t\t\t\t\t\t<\/div>\n\n\t\t\t\t\n\t\t\t\t\t<div class=\"wpb-timeline-block\">\n\t\t\t\t\t\t\t\t\t\t\t\t\t\t\t\t\t\t\t<div class=\"wpb-timeline-icon\">\n\t\t\t\t\t\t\t\t<i aria-hidden=\"true\" class=\"fas fa-file\"><\/i>\t\t\t\t\t\t\t<\/div>\n\t\t\t\t\t\t\t\t\t\t\t\t<div class=\"wpb-timeline-content\">\n\t\t\t\t\t\t\t\n\t\t\t\t\t\t\t<h3>2012 - 300% \u00f6kning p\u00e5 ett \u00e5r<\/h3>\n\t\t\t\t\t\t\t<p>Vasaloppet blir den f\u00f6rsta kunden i Sverige och Oslo kommun tar systemet i bruk f\u00f6r att administrera meddomare och valmedarbetare. <\/p>\n\n\t\t\t\t\t\t\t\n\t\t\t\t\t\t\t<div class=\"wpb-timeline-image\"><img decoding=\"async\" src=\"https:\/\/mobilise.no\/wp-content\/uploads\/valg.png\" alt=\"2012 - 300% \u00f8kning p\u00e5 et \u00e5r\" \/><\/div>\t\t\t\t\t\t<\/div>\n\t\t\t\t\t\t\t\t\t\t\t<\/div>\n\n\t\t\t\t\n\t\t\t\t\t<div class=\"wpb-timeline-block\">\n\t\t\t\t\t\t\t\t\t\t\t\t\t\t\t\t\t\t\t<div class=\"wpb-timeline-icon\">\n\t\t\t\t\t\t\t\t<i aria-hidden=\"true\" class=\"fas fa-file\"><\/i>\t\t\t\t\t\t\t<\/div>\n\t\t\t\t\t\t\t\t\t\t\t\t<div class=\"wpb-timeline-content\">\n\t\t\t\t\t\t\t\n\t\t\t\t\t\t\t<h3>2013 - F\u00f6rsta kunden i Danmark<\/h3>\n\t\t\t\t\t\t\t<p>Bolaget v\u00e4xer vidare och f\u00e5r en del nya kunder \u00e4ven inom andra branscher. B\u00e5de Crew och deltidsanst\u00e4llda administreras nu med Mobilise Eventportal. Eurovision Danmanrk tar Mobilise i bruk och blir den f\u00f6rsta danska kunden.<\/p>\n\n\t\t\t\t\t\t\t\n\t\t\t\t\t\t\t\t\t\t\t\t\t<\/div>\n\t\t\t\t\t\t\t\t\t\t\t<\/div>\n\n\t\t\t\t\n\t\t\t\t\t<div class=\"wpb-timeline-block\">\n\t\t\t\t\t\t\t\t\t\t\t\t\t\t\t\t\t\t\t<div class=\"wpb-timeline-icon\">\n\t\t\t\t\t\t\t\t<i aria-hidden=\"true\" class=\"fas fa-file\"><\/i>\t\t\t\t\t\t\t<\/div>\n\t\t\t\t\t\t\t\t\t\t\t\t<div class=\"wpb-timeline-content\">\n\t\t\t\t\t\t\t\n\t\t\t\t\t\t\t<h3>2014 - Sverige here we come...<\/h3>\n\t\t\t\t\t\t\t<p>Vi fokuserar p\u00e5 den svenska marknaden och f\u00e5r ett antal nya svenska kunder; G\u00f6teborg &amp; Co, Destinasjon Halmstad, Bor\u00e5s stad och Way out West. F\u00f6retaget vinner nya anbud och l\u00e5ngsiktiga kontrakt med Oslo, Bergen och Trondheim kommuner. <\/p>\n\n\t\t\t\t\t\t\t\n\t\t\t\t\t\t\t<div class=\"wpb-timeline-image\"><img decoding=\"async\" src=\"https:\/\/mobilise.no\/wp-content\/uploads\/flagg-768x453.jpg\" alt=\"2014 - Sverige here we come...\" \/><\/div>\t\t\t\t\t\t<\/div>\n\t\t\t\t\t\t\t\t\t\t\t<\/div>\n\n\t\t\t\t\n\t\t\t\t\t<div class=\"wpb-timeline-block\">\n\t\t\t\t\t\t\t\t\t\t\t\t\t\t\t\t\t\t\t<div class=\"wpb-timeline-icon\">\n\t\t\t\t\t\t\t\t<i aria-hidden=\"true\" class=\"fas fa-file\"><\/i>\t\t\t\t\t\t\t<\/div>\n\t\t\t\t\t\t\t\t\t\t\t\t<div class=\"wpb-timeline-content\">\n\t\t\t\t\t\t\t\n\t\t\t\t\t\t\t<h3>2015 - \u00d6ppnar kontor i Stockholm<\/h3>\n\t\t\t\t\t\t\t<p>Vi \u00f6ppnar kontor i Stockholm. Bolaget f\u00e5r sin f\u00f6rsta kund i Finland, World Figure Skating Championshops i Helsinki 2017.<\/p>\n\n\t\t\t\t\t\t\t\n\t\t\t\t\t\t\t\t\t\t\t\t\t<\/div>\n\t\t\t\t\t\t\t\t\t\t\t<\/div>\n\n\t\t\t\t\n\t\t\t\t\t<div class=\"wpb-timeline-block\">\n\t\t\t\t\t\t\t\t\t\t\t\t\t\t\t\t\t\t\t<div class=\"wpb-timeline-icon\">\n\t\t\t\t\t\t\t\t<i aria-hidden=\"true\" class=\"fas fa-file\"><\/i>\t\t\t\t\t\t\t<\/div>\n\t\t\t\t\t\t\t\t\t\t\t\t<div class=\"wpb-timeline-content\">\n\t\t\t\t\t\t\t\n\t\t\t\t\t\t\t<h3>2016 - VM, OS och TV-Aksjonen<\/h3>\n\t\t\t\t\t\t\t<p>Detta \u00e4r \u00e5ret f\u00f6r stora arrangemang - VM i Skidskytte i Oslo, Ungdoms-OS i Lillehammer, X-Games i Oslo, Tyngdlyfar-EM i F\u00f8rde, Eurovision i Stockholm - anv\u00e4nder alla Mobilise f\u00f6r sina resurser. I till\u00e4gg ing\u00e5r norska tv-galan TV-aksjonen avtal om en plattform d\u00e4r deras 20 000 frivilliga och 100 000 b\u00f6ssb\u00e4rare. Plattformen utvecklas i takt med v\u00e5ra kunders behov.<\/p>\n\n\t\t\t\t\t\t\t\n\t\t\t\t\t\t\t\t\t\t\t\t\t<\/div>\n\t\t\t\t\t\t\t\t\t\t\t<\/div>\n\n\t\t\t\t\n\t\t\t\t\t<div class=\"wpb-timeline-block\">\n\t\t\t\t\t\t\t\t\t\t\t\t\t\t\t\t\t\t\t<div class=\"wpb-timeline-icon\">\n\t\t\t\t\t\t\t\t<i aria-hidden=\"true\" class=\"fas fa-file\"><\/i>\t\t\t\t\t\t\t<\/div>\n\t\t\t\t\t\t\t\t\t\t\t\t<div class=\"wpb-timeline-content\">\n\t\t\t\t\t\t\t\n\t\t\t\t\t\t\t<h3>2017 - T\u00e4vling i fokus<\/h3>\n\t\t\t\t\t\t\t<p>Bolaget forst\u00e4tter den goda tillv\u00e4xten och tecknar avtal med ytterligare 40 kunder. Mobilie utvidgar teamet och levererar kunskap, kompetens och system. V\u00e5rt svenska kontor flyttar fr\u00e5n Stockholm till G\u00f6teborg. Vi vinner v\u00e5rt f\u00f6rsta svenska anbud med V\u00e4ster\u00e5s kommun.<\/p>\n\n\t\t\t\t\t\t\t\n\t\t\t\t\t\t\t\t\t\t\t\t\t<\/div>\n\t\t\t\t\t\t\t\t\t\t\t<\/div>\n\n\t\t\t\t\n\t\t\t\t\t<div class=\"wpb-timeline-block\">\n\t\t\t\t\t\t\t\t\t\t\t\t\t\t\t\t\t\t\t<div class=\"wpb-timeline-icon\">\n\t\t\t\t\t\t\t\t<i aria-hidden=\"true\" class=\"fas fa-file\"><\/i>\t\t\t\t\t\t\t<\/div>\n\t\t\t\t\t\t\t\t\t\t\t\t<div class=\"wpb-timeline-content\">\n\t\t\t\t\t\t\t\n\t\t\t\t\t\t\t<h3>2018 - Nya rekord<\/h3>\n\t\t\t\t\t\t\t<p>Mobilise f\u00e5r testat sin leveransf\u00f6rm\u00e5ga och levererar en l\u00f6sning till Ishockey-VM i Danmark p\u00e5 rekordtid. Samma \u00e5r ing\u00e5r vi avtal med Arbeiderpartiet i Norge, Stockholm Stadsmission, Norges Handbollsf\u00f6rbund, VM i Curling i \u00c5rhus, Skidspelen i Falun, World Cup Ulricehamn och \u00f6kar antal kommuner p\u00e5 kundlistan fr\u00e5n 20 till 29. Mobilise s\u00e4tter nytt oms\u00e4ttningsrekord.<\/p>\n\n\t\t\t\t\t\t\t\n\t\t\t\t\t\t\t\t\t\t\t\t\t<\/div>\n\t\t\t\t\t\t\t\t\t\t\t<\/div>\n\n\t\t\t\t\n\t\t\t\t\t<div class=\"wpb-timeline-block\">\n\t\t\t\t\t\t\t\t\t\t\t\t\t\t\t\t\t\t\t<div class=\"wpb-timeline-icon\">\n\t\t\t\t\t\t\t\t<i aria-hidden=\"true\" class=\"fas fa-file\"><\/i>\t\t\t\t\t\t\t<\/div>\n\t\t\t\t\t\t\t\t\t\t\t\t<div class=\"wpb-timeline-content\">\n\t\t\t\t\t\t\t\n\t\t\t\t\t\t\t<h3>2019 - The Mobilize Way<\/h3>\n\t\t\t\t\t\t\t<p>Vi lanserar ramverket \u00abThe Mobilise Way\u00bb och visar att vi satsar mer p\u00e5 kunskap och kompetensutveckling hos v\u00e5ra kunder. Detta blir v\u00e4l mottaget p\u00e5 marknaden och flera ideella organisationer blir kunder, som Dr\u00e5pen i Havet, Caritas Norge, Kirkens Bymisjon, Cancerf\u00f6reningen i Norge. Mobilise bist\u00e5r som r\u00e5dgivare samtidigt som vi levererar en marknadsledande plattform.<br \/>\nVi ing\u00e5r \u00e4ven ett samarbete med Riksidrottsf\u00f6rbundet i Sverige, f\u00f6r att ta fram en best practice f\u00f6r idrottsevenemang i Sverige.<\/p>\n\n\t\t\t\t\t\t\t\n\t\t\t\t\t\t\t\t\t\t\t\t\t<\/div>\n\t\t\t\t\t\t\t\t\t\t\t<\/div>\n\n\t\t\t\t\n\t\t\t\t\t<div class=\"wpb-timeline-block\">\n\t\t\t\t\t\t\t\t\t\t\t\t\t\t\t\t\t\t\t<div class=\"wpb-timeline-icon\">\n\t\t\t\t\t\t\t\t<i aria-hidden=\"true\" class=\"fas fa-file\"><\/i>\t\t\t\t\t\t\t<\/div>\n\t\t\t\t\t\t\t\t\t\t\t\t<div class=\"wpb-timeline-content\">\n\t\t\t\t\t\t\t\n\t\t\t\t\t\t\t<h3>2020 -<\/h3>\n\t\t\t\t\t\t\t<p>Ny profil och ny uppgraderad plattform lanseras! \u00c5ret startar med genomf\u00f6randet av EM i Handboll (Norge och Sverige) och Ski Tour, samt sluter avtal med flera nya kunder som VM i Maratonpaddling (2020), Kongsberg Jazzfestival, RBK, Molde FK, \u00c5lesund FK, Grimstad Rally och ett nyligen vunnet anbud med V\u00e4ster\u00e5rs Stad. Vi ser fram emot ett h\u00e4ndelserikt \u00e5r.<\/p>\n\n\t\t\t\t\t\t\t\n\t\t\t\t\t\t\t\t\t\t\t\t\t<\/div>\n\t\t\t\t\t\t\t\t\t\t\t<\/div>\n\n\t\t\t\t\n\t\t\t<\/div>\n\t\t\n\t\t\t\t\t\t<\/div>\n\t\t\t\t<\/div>\n\t\t\t\t\t<\/div>\n\t\t<\/div>\n\t\t\t\t\t<\/div>\n\t\t<\/section>\n\t\t\t\t<\/div>","protected":false},"excerpt":{"rendered":"<p>2011 &ndash; En knallstart! &lt;p&gt;Vi levererar en skr&auml;ddarsydd plattform till Skid-VM 2011 i Oslo, f&ouml;r rekrytering och organisering av 2500 volont&auml;rer och arrangemanget blev en succe.&lt;br \/&gt; Den nya plattformen revolutionerade s&auml;ttet att rekrytera och organisera volont&auml;rer &ndash; de gick bort fr&aring;n e-post och Excel och bytte till ett webbaserat databassystem. Det finns ett stort intresse f&ouml;r [...]<\/p>","protected":false},"author":1,"featured_media":0,"parent":0,"menu_order":0,"comment_status":"closed","ping_status":"closed","template":"","meta":{"_monsterinsights_skip_tracking":false,"_monsterinsights_sitenote_active":false,"_monsterinsights_sitenote_note":"","_monsterinsights_sitenote_category":0,"footnotes":""},"class_list":["post-31","page","type-page","status-publish","hentry"],"_links":{"self":[{"href":"https:\/\/mobilise.no\/sv\/wp-json\/wp\/v2\/pages\/31","targetHints":{"allow":["GET"]}}],"collection":[{"href":"https:\/\/mobilise.no\/sv\/wp-json\/wp\/v2\/pages"}],"about":[{"href":"https:\/\/mobilise.no\/sv\/wp-json\/wp\/v2\/types\/page"}],"author":[{"embeddable":true,"href":"https:\/\/mobilise.no\/sv\/wp-json\/wp\/v2\/users\/1"}],"replies":[{"embeddable":true,"href":"https:\/\/mobilise.no\/sv\/wp-json\/wp\/v2\/comments?post=31"}],"version-history":[{"count":0,"href":"https:\/\/mobilise.no\/sv\/wp-json\/wp\/v2\/pages\/31\/revisions"}],"wp:attachment":[{"href":"https:\/\/mobilise.no\/sv\/wp-json\/wp\/v2\/media?parent=31"}],"curies":[{"name":"wp","href":"https:\/\/api.w.org\/{rel}","templated":true}]}}