{"id":5,"date":"2020-01-22T20:55:32","date_gmt":"2020-01-22T19:55:32","guid":{"rendered":"https:\/\/mobilise.wpmudev.host\/?page_id=5"},"modified":"2020-01-22T20:55:32","modified_gmt":"2020-01-22T19:55:32","slug":"personvernerklaering","status":"publish","type":"page","link":"https:\/\/mobilise.no\/sv\/personvernerklaering\/","title":{"rendered":"Sekretesspolicy"},"content":{"rendered":"<h2 class=\"wp-block-heading\">Vilka vi \u00e4r<\/h2>\n\n\n<p>V\u00e5r webbadress \u00e4r: https:\/\/mobilise.wpmudev.host<\/p>\n\n\n<h2 class=\"wp-block-heading\">Vilken personlig information vi samlar in och varf\u00f6r vi samlar in den<\/h2>\n\n\n<h3 class=\"wp-block-heading\">Kommentarer<\/h3>\n\n\n<p>N\u00e4r bes\u00f6kare postar kommentarer p\u00e5 sidan lagras informationen i kommentarsformul\u00e4ret ut\u00f6ver IP-adressen till bes\u00f6karen och bes\u00f6karens webbl\u00e4sarversion. Detta g\u00f6rs f\u00f6r att undvika skr\u00e4pkommentarer.<\/p>\n\n\n<p>En anonym textstr\u00e4ng som genereras baserat p\u00e5 din e-postadress (\u00e4ven kallad &quot;hash&quot;) kan skickas till tj\u00e4nsten Gravatar f\u00f6r att kontrollera om du har ett konto d\u00e4r. Gravatars sekretesspolicy finns h\u00e4r: https:\/\/automattic.com\/privacy\/. Efter att din kommentar har godk\u00e4nts kommer din profilbild att vara synlig f\u00f6r alla i samband med din kommentar.<\/p>\n\n\n<h3 class=\"wp-block-heading\">Media<\/h3>\n\n\n<p>Om du laddar upp bilder till sajten b\u00f6r du undvika att ladda upp bilder som inneh\u00e5ller information om platsen som tagits (EXIF GPS). Bes\u00f6kare p\u00e5 sajten kan ladda ner och h\u00e4mta s\u00e5dan information fr\u00e5n bilder p\u00e5 sajten.<\/p>\n\n\n<h3 class=\"wp-block-heading\">Kontaktformul\u00e4r<\/h3>\n\n\n<h3 class=\"wp-block-heading\">Sm\u00e5kakor<\/h3>\n\n\n<p>Om du postar en kommentar p\u00e5 den h\u00e4r sidan kan du be oss att komma ih\u00e5g ditt namn, din e-postadress och din webbplats. Denna information lagras i en cookie och \u00e4r till f\u00f6r att underl\u00e4tta f\u00f6r dig. Du beh\u00f6ver inte ange denna information igen n\u00e4sta g\u00e5ng du postar en kommentar. Dessa cookies upph\u00f6r att g\u00e4lla efter ett \u00e5r.<\/p>\n\n\n<p>Om du bes\u00f6ker v\u00e5r inloggningssida kommer vi att skapa en tillf\u00e4llig cookie f\u00f6r att avg\u00f6ra om din webbl\u00e4sare accepterar cookies. Denna cookie inneh\u00e5ller ingen personlig information och f\u00f6rsvinner s\u00e5 snart du st\u00e4nger din webbl\u00e4sare.<\/p>\n\n\n<p>N\u00e4r du loggar in skapas cookies som lagrar dina inloggningsuppgifter och val du gjort g\u00e4llande hur inneh\u00e5ll ska visas. Cookies med inloggningsinformation upph\u00f6r att g\u00e4lla efter tv\u00e5 dagar, medan de med visningsalternativ varar i ett \u00e5r. Om du markerar &quot;Kom ih\u00e5g mig&quot; kommer dina inloggningsuppgifter att sparas i tv\u00e5 veckor. Om du loggar ut fr\u00e5n ditt konto f\u00f6rsvinner dessa cookies.<\/p>\n\n\n<p>Om du redigerar eller publicerar en artikel kommer ytterligare en cookie att lagras i din webbl\u00e4sare. Denna cookie inneh\u00e5ller ingen personlig information, utan endast ID:t f\u00f6r artikeln du just redigerade. Det g\u00e5r ut efter en dag.<\/p>\n\n\n<h3 class=\"wp-block-heading\">Inb\u00e4ddat inneh\u00e5ll fr\u00e5n andra webbplatser<\/h3>\n\n\n<p>Artiklar p\u00e5 den h\u00e4r sidan kan inneh\u00e5lla inb\u00e4ddat inneh\u00e5ll (t.ex. videor, bilder, artiklar, etc.). Inb\u00e4ddat inneh\u00e5ll fr\u00e5n andra sajter beter sig p\u00e5 exakt samma s\u00e4tt som om bes\u00f6karen hade bes\u00f6kt sajten som det inb\u00e4ddade inneh\u00e5llet kommer ifr\u00e5n.<\/p>\n\n\n<p>Dessa webbplatser kan samla in information om dig, anv\u00e4nda cookies, b\u00e4dda in sp\u00e5rningssystem fr\u00e5n tredje part och \u00f6vervaka vad du g\u00f6r genom detta inb\u00e4ddade inneh\u00e5ll. Detta inkluderar \u00e4ven sp\u00e5rning av dina handlingar via det inbyggda inneh\u00e5llet om du har ett konto och \u00e4r inloggad p\u00e5 sajten.<\/p>\n\n\n<h3 class=\"wp-block-heading\">Analys<\/h3>\n\n\n<h2 class=\"wp-block-heading\">Vem vi delar din information med<\/h2>\n\n\n<h2 class=\"wp-block-heading\">Hur l\u00e4nge vi sparar information om dig<\/h2>\n\n\n<p>Om du l\u00e4mnar en kommentar kommer kommentaren och informationen om kommentaren att lagras p\u00e5 obest\u00e4md tid. Detta f\u00f6r att vi ska kunna k\u00e4nna igen uppf\u00f6ljande kommentarer och godk\u00e4nna dem automatiskt ist\u00e4llet f\u00f6r att st\u00e4lla dem i en k\u00f6 d\u00e4r de m\u00e5ste godk\u00e4nnas manuellt av en redakt\u00f6r.<\/p>\n\n\n<p>F\u00f6r anv\u00e4ndare som registrerar sig p\u00e5 denna webbplats (om detta alternativ finns) lagras \u00e4ven personlig information som de tillhandah\u00e5ller i sin anv\u00e4ndarprofil. Alla anv\u00e4ndare kan se, redigera och radera sin egen personliga information n\u00e4r som helst (f\u00f6rutom anv\u00e4ndarnamn). Webbplatsadministrat\u00f6rerna kan ocks\u00e5 se och redigera denna information.<\/p>\n\n\n<h2 class=\"wp-block-heading\">Dina r\u00e4ttigheter ang\u00e5ende information vi har om dig<\/h2>\n\n\n<p>Om du har ett konto p\u00e5 denna sida eller har l\u00e4mnat kommentarer kan du beg\u00e4ra en exportfil som inneh\u00e5ller den personliga information vi har om dig. Detta inkluderar alla uppgifter du har gett oss. Du kan ocks\u00e5 beg\u00e4ra att vi raderar all personlig information vi har om dig. Detta inkluderar inte information som vi \u00e4r skyldiga att lagra av administrativa, juridiska eller s\u00e4kerhetssk\u00e4l.<\/p>\n\n\n<h2 class=\"wp-block-heading\">Dit vi skickar information om dig<\/h2>\n\n\n<p>Bes\u00f6kares kommentarer kan kontrolleras genom en automatisk skr\u00e4ppostdetekteringstj\u00e4nst.<\/p>\n\n\n<h2 class=\"wp-block-heading\">Din Kontaktinformation<\/h2>\n\n\n<h2 class=\"wp-block-heading\">Ytterligare information<\/h2>\n\n\n<h3 class=\"wp-block-heading\">Hur vi skyddar dina personuppgifter<\/h3>\n\n\n<h3 class=\"wp-block-heading\">V\u00e5ra rutiner f\u00f6r datal\u00e4ckor<\/h3>\n\n\n<h3 class=\"wp-block-heading\">Vilka tredje parter vi f\u00e5r information fr\u00e5n<\/h3>\n\n\n<h3 class=\"wp-block-heading\">Vilka automatiska beslut som fattas och\/eller vilken typ av profiler som byggs utifr\u00e5n anv\u00e4ndarnas information.<\/h3>\n\n\n<h3 class=\"wp-block-heading\">Upplysningskrav fr\u00e5n branschlagstiftning<\/h3>\n\n<h3>Plugin: Defender Pro<\/h3>\n<p><strong>Utomst\u00e5ende<\/strong><\/p>\n<p>Den h\u00e4r webbplatsen kan anv\u00e4nda WPMU DEV tredjeparts molnlagring f\u00f6r att lagra s\u00e4kerhetskopior av sina granskningsloggar d\u00e4r personlig information samlas in.<\/p>\n<p><strong>Ytterligare data<\/strong><\/p>\n<p>Den h\u00e4r webbplatsen skapar och lagrar en aktivitetslogg som f\u00e5ngar IP-adressen, anv\u00e4ndarnamnet, e-postadressen och sp\u00e5rar anv\u00e4ndaraktivitet (som n\u00e4r en anv\u00e4ndare g\u00f6r en kommentar). Information kommer att lagras lokalt i 30 dagar och p\u00e5 distans i 1 \u00e5r. Information om fj\u00e4rrloggar kan inte rensas av s\u00e4kerhetssk\u00e4l.<\/p>","protected":false},"excerpt":{"rendered":"<p>Vilka vi \u00e4r V\u00e5r webbadress \u00e4r: https:\/\/mobilise.wpmudev.host Vilken personlig information samlar vi in och varf\u00f6r vi samlar in den Kommentarer N\u00e4r bes\u00f6kare skriver kommentarer p\u00e5 sidan lagras informationen som anges i kommentarsformul\u00e4ret ut\u00f6ver IP-adressen till bes\u00f6karna och bes\u00f6karens webbl\u00e4sarversion. Detta g\u00f6rs f\u00f6r att undvika skr\u00e4pkommentarer. En anonym [\u2026]<\/p>","protected":false},"author":1,"featured_media":0,"parent":0,"menu_order":0,"comment_status":"closed","ping_status":"closed","template":"","meta":{"_monsterinsights_skip_tracking":false,"_monsterinsights_sitenote_active":false,"_monsterinsights_sitenote_note":"","_monsterinsights_sitenote_category":0,"footnotes":""},"class_list":["post-5","page","type-page","status-publish","hentry"],"_links":{"self":[{"href":"https:\/\/mobilise.no\/sv\/wp-json\/wp\/v2\/pages\/5","targetHints":{"allow":["GET"]}}],"collection":[{"href":"https:\/\/mobilise.no\/sv\/wp-json\/wp\/v2\/pages"}],"about":[{"href":"https:\/\/mobilise.no\/sv\/wp-json\/wp\/v2\/types\/page"}],"author":[{"embeddable":true,"href":"https:\/\/mobilise.no\/sv\/wp-json\/wp\/v2\/users\/1"}],"replies":[{"embeddable":true,"href":"https:\/\/mobilise.no\/sv\/wp-json\/wp\/v2\/comments?post=5"}],"version-history":[{"count":0,"href":"https:\/\/mobilise.no\/sv\/wp-json\/wp\/v2\/pages\/5\/revisions"}],"wp:attachment":[{"href":"https:\/\/mobilise.no\/sv\/wp-json\/wp\/v2\/media?parent=5"}],"curies":[{"name":"wp","href":"https:\/\/api.w.org\/{rel}","templated":true}]}}